{"id":5350,"date":"2025-09-09T12:13:24","date_gmt":"2025-09-09T12:13:24","guid":{"rendered":"https:\/\/ccb.no\/?page_id=5350"},"modified":"2025-09-09T13:56:28","modified_gmt":"2025-09-09T13:56:28","slug":"godkjent-logo-til-bruk","status":"publish","type":"page","link":"https:\/\/ccb.no\/eng\/kontakt-oss\/godkjent-logo-til-bruk\/","title":{"rendered":"Approved logo to use"},"content":{"rendered":"<div data-elementor-type=\"wp-page\" data-elementor-id=\"5350\" class=\"elementor elementor-5350\" data-elementor-settings=\"{&quot;ha_cmc_init_switcher&quot;:&quot;no&quot;}\" data-elementor-post-type=\"page\">\n\t\t\t\t<div class=\"elementor-element elementor-element-3cff5ba e-flex e-con-boxed e-con e-parent\" data-id=\"3cff5ba\" data-element_type=\"container\" data-e-type=\"container\" data-settings=\"{&quot;_ha_eqh_enable&quot;:false}\">\n\t\t\t\t\t<div class=\"e-con-inner\">\n\t\t\t\t<div class=\"elementor-element elementor-element-7747a87 bread elementor-widget-mobile__width-inherit elementor-widget elementor-widget-text-editor\" data-id=\"7747a87\" data-element_type=\"widget\" data-e-type=\"widget\" data-widget_type=\"text-editor.default\">\n\t\t\t\t<div class=\"elementor-widget-container\">\n\t\t\t\t\t\t\t\t\t<p><nav aria-label=\"breadcrumbs\" class=\"rank-math-breadcrumb\"><p><span class=\"last\">Home<\/span><\/p><\/nav><\/p>\t\t\t\t\t\t\t\t<\/div>\n\t\t\t\t<\/div>\n\t\t\t\t\t<\/div>\n\t\t\t\t<\/div>\n\t\t<div class=\"elementor-element elementor-element-bf14960 e-flex e-con-boxed e-con e-parent\" data-id=\"bf14960\" data-element_type=\"container\" data-e-type=\"container\" data-settings=\"{&quot;_ha_eqh_enable&quot;:false}\">\n\t\t\t\t\t<div class=\"e-con-inner\">\n\t\t<div class=\"elementor-element elementor-element-f9449b1 e-con-full e-flex e-con e-child\" data-id=\"f9449b1\" data-element_type=\"container\" data-e-type=\"container\" data-settings=\"{&quot;_ha_eqh_enable&quot;:false}\">\n\t\t\t\t<\/div>\n\t\t\t\t\t<\/div>\n\t\t\t\t<\/div>\n\t\t<div class=\"elementor-element elementor-element-46fa33c e-flex e-con-boxed e-con e-parent\" data-id=\"46fa33c\" data-element_type=\"container\" data-e-type=\"container\" data-settings=\"{&quot;_ha_eqh_enable&quot;:false}\">\n\t\t\t\t\t<div class=\"e-con-inner\">\n\t\t<div class=\"elementor-element elementor-element-67781d2 e-con-full e-flex e-con e-child\" data-id=\"67781d2\" data-element_type=\"container\" data-e-type=\"container\" data-settings=\"{&quot;_ha_eqh_enable&quot;:false}\">\n\t\t\t\t<div class=\"elementor-element elementor-element-d51e61c elementor-widget elementor-widget-heading\" data-id=\"d51e61c\" data-element_type=\"widget\" data-e-type=\"widget\" data-widget_type=\"heading.default\">\n\t\t\t\t<div class=\"elementor-widget-container\">\n\t\t\t\t\t<h2 class=\"elementor-heading-title elementor-size-default\">Her kan du laste ned logoer for CCB. De er tilgjengelig i EPS, og PNG format. \n<\/h2>\t\t\t\t<\/div>\n\t\t\t\t<\/div>\n\t\t\t\t<div class=\"elementor-element elementor-element-319c864 elementor-icon-list--layout-traditional elementor-list-item-link-full_width elementor-widget elementor-widget-icon-list\" data-id=\"319c864\" data-element_type=\"widget\" data-e-type=\"widget\" data-widget_type=\"icon-list.default\">\n\t\t\t\t<div class=\"elementor-widget-container\">\n\t\t\t\t\t\t\t<ul class=\"elementor-icon-list-items\">\n\t\t\t\t\t\t\t<li class=\"elementor-icon-list-item\">\n\t\t\t\t\t\t\t\t\t\t\t<a href=\"https:\/\/ccb.no\/wp-content\/uploads\/2025\/09\/ccb_logo_hvit.eps\" target=\"_blank\">\n\n\t\t\t\t\t\t\t\t\t\t\t\t<span class=\"elementor-icon-list-icon\">\n\t\t\t\t\t\t\t<i aria-hidden=\"true\" class=\"huge huge-link-square-02\"><\/i>\t\t\t\t\t\t<\/span>\n\t\t\t\t\t\t\t\t\t\t<span class=\"elementor-icon-list-text\">Ccb logo hvit som EPS<\/span>\n\t\t\t\t\t\t\t\t\t\t\t<\/a>\n\t\t\t\t\t\t\t\t\t<\/li>\n\t\t\t\t\t\t\t\t<li class=\"elementor-icon-list-item\">\n\t\t\t\t\t\t\t\t\t\t\t<a href=\"https:\/\/ccb.no\/wp-content\/uploads\/2025\/09\/ccb_logo_hvit.png\" target=\"_blank\" rel=\"nofollow\" download=\"ccb_logo_hvit.png\">\n\n\t\t\t\t\t\t\t\t\t\t\t\t<span class=\"elementor-icon-list-icon\">\n\t\t\t\t\t\t\t<i aria-hidden=\"true\" class=\"huge huge-link-square-02\"><\/i>\t\t\t\t\t\t<\/span>\n\t\t\t\t\t\t\t\t\t\t<span class=\"elementor-icon-list-text\">Ccb logo hvit som PNG<\/span>\n\t\t\t\t\t\t\t\t\t\t\t<\/a>\n\t\t\t\t\t\t\t\t\t<\/li>\n\t\t\t\t\t\t\t\t<li class=\"elementor-icon-list-item\">\n\t\t\t\t\t\t\t\t\t\t\t<a href=\"https:\/\/ccb.no\/wp-content\/uploads\/2025\/09\/ccb_logo_m\u00f8rkgr\u00e5.eps\" target=\"_blank\">\n\n\t\t\t\t\t\t\t\t\t\t\t\t<span class=\"elementor-icon-list-icon\">\n\t\t\t\t\t\t\t<i aria-hidden=\"true\" class=\"huge huge-link-square-02\"><\/i>\t\t\t\t\t\t<\/span>\n\t\t\t\t\t\t\t\t\t\t<span class=\"elementor-icon-list-text\">Ccb logo m\u00f8rkgr\u00e5 som EPS<\/span>\n\t\t\t\t\t\t\t\t\t\t\t<\/a>\n\t\t\t\t\t\t\t\t\t<\/li>\n\t\t\t\t\t\t\t\t<li class=\"elementor-icon-list-item\">\n\t\t\t\t\t\t\t\t\t\t\t<a href=\"https:\/\/ccb.no\/wp-content\/uploads\/2025\/09\/ccb_logo_morkgra.png\" target=\"_blank\" download=\"ccb_logo_morkgra.png\">\n\n\t\t\t\t\t\t\t\t\t\t\t\t<span class=\"elementor-icon-list-icon\">\n\t\t\t\t\t\t\t<i aria-hidden=\"true\" class=\"huge huge-link-square-02\"><\/i>\t\t\t\t\t\t<\/span>\n\t\t\t\t\t\t\t\t\t\t<span class=\"elementor-icon-list-text\">Ccb logo m\u00f8rkgr\u00e5 som PNG<\/span>\n\t\t\t\t\t\t\t\t\t\t\t<\/a>\n\t\t\t\t\t\t\t\t\t<\/li>\n\t\t\t\t\t\t\t\t<li class=\"elementor-icon-list-item\">\n\t\t\t\t\t\t\t\t\t\t\t<a href=\"https:\/\/ccb.no\/wp-content\/uploads\/2025\/09\/Logo-pa-gra-bakgrunn.png\" target=\"_blank\" download=\"Logo-pa-gra-bakgrunn.png\">\n\n\t\t\t\t\t\t\t\t\t\t\t\t<span class=\"elementor-icon-list-icon\">\n\t\t\t\t\t\t\t<i aria-hidden=\"true\" class=\"huge huge-link-square-02\"><\/i>\t\t\t\t\t\t<\/span>\n\t\t\t\t\t\t\t\t\t\t<span class=\"elementor-icon-list-text\">Logo p\u00e5 gr\u00e5 bakgrunn som PNG<\/span>\n\t\t\t\t\t\t\t\t\t\t\t<\/a>\n\t\t\t\t\t\t\t\t\t<\/li>\n\t\t\t\t\t\t\t\t<li class=\"elementor-icon-list-item\">\n\t\t\t\t\t\t\t\t\t\t\t<a href=\"https:\/\/ccb.no\/wp-content\/uploads\/2025\/09\/ccb-logos.zip\" target=\"_blank\">\n\n\t\t\t\t\t\t\t\t\t\t\t\t<span class=\"elementor-icon-list-icon\">\n\t\t\t\t\t\t\t<i aria-hidden=\"true\" class=\"huge huge-link-square-02\"><\/i>\t\t\t\t\t\t<\/span>\n\t\t\t\t\t\t\t\t\t\t<span class=\"elementor-icon-list-text\">Last ned alle   <\/span>\n\t\t\t\t\t\t\t\t\t\t\t<\/a>\n\t\t\t\t\t\t\t\t\t<\/li>\n\t\t\t\t\t\t<\/ul>\n\t\t\t\t\t\t<\/div>\n\t\t\t\t<\/div>\n\t\t\t\t<\/div>\n\t\t\t\t\t<\/div>\n\t\t\t\t<\/div>\n\t\t\t\t<\/div>","protected":false},"excerpt":{"rendered":"<p>Her kan du laste ned logoer for CCB. De er tilgjengelig i EPS, og PNG format. Ccb logo hvit som EPS Ccb logo hvit som PNG Ccb logo m\u00f8rkgr\u00e5 som EPS Ccb logo m\u00f8rkgr\u00e5 som PNG Logo p\u00e5 gr\u00e5 bakgrunn som PNG Last ned alle<\/p>","protected":false},"author":1,"featured_media":0,"parent":3565,"menu_order":0,"comment_status":"closed","ping_status":"closed","template":"","meta":{"_acf_changed":false,"inline_featured_image":false,"footnotes":""},"class_list":["post-5350","page","type-page","status-publish","hentry"],"acf":[],"_links":{"self":[{"href":"https:\/\/ccb.no\/eng\/wp-json\/wp\/v2\/pages\/5350","targetHints":{"allow":["GET"]}}],"collection":[{"href":"https:\/\/ccb.no\/eng\/wp-json\/wp\/v2\/pages"}],"about":[{"href":"https:\/\/ccb.no\/eng\/wp-json\/wp\/v2\/types\/page"}],"author":[{"embeddable":true,"href":"https:\/\/ccb.no\/eng\/wp-json\/wp\/v2\/users\/1"}],"replies":[{"embeddable":true,"href":"https:\/\/ccb.no\/eng\/wp-json\/wp\/v2\/comments?post=5350"}],"version-history":[{"count":28,"href":"https:\/\/ccb.no\/eng\/wp-json\/wp\/v2\/pages\/5350\/revisions"}],"predecessor-version":[{"id":5396,"href":"https:\/\/ccb.no\/eng\/wp-json\/wp\/v2\/pages\/5350\/revisions\/5396"}],"up":[{"embeddable":true,"href":"https:\/\/ccb.no\/eng\/wp-json\/wp\/v2\/pages\/3565"}],"wp:attachment":[{"href":"https:\/\/ccb.no\/eng\/wp-json\/wp\/v2\/media?parent=5350"}],"curies":[{"name":"wp","href":"https:\/\/api.w.org\/{rel}","templated":true}]}}