{"id":3079,"date":"2025-05-19T13:59:20","date_gmt":"2025-05-19T13:59:20","guid":{"rendered":"https:\/\/d3.nettnordev.com\/ccb\/?page_id=3079"},"modified":"2025-12-08T10:56:35","modified_gmt":"2025-12-08T10:56:35","slug":"jobb-hos-oss","status":"publish","type":"page","link":"https:\/\/ccb.no\/eng\/kontakt-oss\/jobb-hos-oss\/","title":{"rendered":"Work with us"},"content":{"rendered":"<div data-elementor-type=\"wp-page\" data-elementor-id=\"3079\" class=\"elementor elementor-3079\" data-elementor-settings=\"{&quot;ha_cmc_init_switcher&quot;:&quot;no&quot;}\" data-elementor-post-type=\"page\">\n\t\t\t\t<div class=\"elementor-element elementor-element-43885ff e-flex e-con-boxed e-con e-parent\" data-id=\"43885ff\" data-element_type=\"container\" data-e-type=\"container\" data-settings=\"{&quot;background_background&quot;:&quot;classic&quot;,&quot;_ha_eqh_enable&quot;:false}\">\n\t\t\t\t\t<div class=\"e-con-inner\">\n\t\t<div class=\"elementor-element elementor-element-92feb8b e-con-full e-flex e-con e-child\" data-id=\"92feb8b\" data-element_type=\"container\" data-e-type=\"container\" data-settings=\"{&quot;_ha_eqh_enable&quot;:false}\">\n\t\t\t\t<div class=\"elementor-element elementor-element-8f27acb elementor-widget__width-initial elementor-widget elementor-widget-elementskit-heading\" data-id=\"8f27acb\" data-element_type=\"widget\" data-e-type=\"widget\" data-widget_type=\"elementskit-heading.default\">\n\t\t\t\t<div class=\"elementor-widget-container\">\n\t\t\t\t\t<div class=\"ekit-wid-con\" ><div class=\"ekit-heading elementskit-section-title-wraper text_left   ekit_heading_tablet-   ekit_heading_mobile-\"><h2 class=\"ekit-heading--title elementskit-section-title\"><span style=\"color:#E5D868\">Jobb<\/span> hos\u00a0<span><span>us<\/span><\/span><\/h2><\/div><\/div>\t\t\t\t<\/div>\n\t\t\t\t<\/div>\n\t\t\t\t<\/div>\n\t\t\t\t\t<\/div>\n\t\t\t\t<\/div>\n\t\t<div class=\"elementor-element elementor-element-b5eb80d e-flex e-con-boxed e-con e-parent\" data-id=\"b5eb80d\" data-element_type=\"container\" data-e-type=\"container\" data-settings=\"{&quot;_ha_eqh_enable&quot;:false}\">\n\t\t\t\t\t<div class=\"e-con-inner\">\n\t\t\t\t<div class=\"elementor-element elementor-element-95a5ece bread elementor-widget-mobile__width-inherit elementor-widget elementor-widget-text-editor\" data-id=\"95a5ece\" data-element_type=\"widget\" data-e-type=\"widget\" data-widget_type=\"text-editor.default\">\n\t\t\t\t<div class=\"elementor-widget-container\">\n\t\t\t\t\t\t\t\t\t<p><nav aria-label=\"breadcrumbs\" class=\"rank-math-breadcrumb\"><p><span class=\"last\">Home<\/span><\/p><\/nav><\/p>\t\t\t\t\t\t\t\t<\/div>\n\t\t\t\t<\/div>\n\t\t\t\t\t<\/div>\n\t\t\t\t<\/div>\n\t\t<div class=\"elementor-element elementor-element-b1b953e e-flex e-con-boxed e-con e-parent\" data-id=\"b1b953e\" data-element_type=\"container\" data-e-type=\"container\" data-settings=\"{&quot;_ha_eqh_enable&quot;:false}\">\n\t\t\t\t\t<div class=\"e-con-inner\">\n\t\t<div class=\"elementor-element elementor-element-ac11319 e-con-full e-flex e-con e-child\" data-id=\"ac11319\" data-element_type=\"container\" data-e-type=\"container\" data-settings=\"{&quot;_ha_eqh_enable&quot;:false}\">\n\t\t\t\t<div class=\"elementor-element elementor-element-2a3e926 elementor-widget__width-initial elementor-widget-mobile__width-initial elementor-widget elementor-widget-heading\" data-id=\"2a3e926\" data-element_type=\"widget\" data-e-type=\"widget\" data-widget_type=\"heading.default\">\n\t\t\t\t<div class=\"elementor-widget-container\">\n\t\t\t\t\t<h2 class=\"elementor-heading-title elementor-size-default\">Jobb hos Coast Center Base \u2013 Et trygt og utviklende arbeidsmilj\u00f8<\/h2>\t\t\t\t<\/div>\n\t\t\t\t<\/div>\n\t\t\t\t<div class=\"elementor-element elementor-element-2e8a175 elementor-widget elementor-widget-text-editor\" data-id=\"2e8a175\" data-element_type=\"widget\" data-e-type=\"widget\" data-widget_type=\"text-editor.default\">\n\t\t\t\t<div class=\"elementor-widget-container\">\n\t\t\t\t\t\t\t\t\t<p data-olk-copy-source=\"MessageBody\">Hos CCB tror vi at et godt arbeidsmilj\u00f8 starter med menneskene. Vi er stolte av \u00e5 ha engasjerte og kompetente medarbeidere som deler v\u00e5re verdier og bidrar til et inkluderende og sikkert arbeidsfellesskap.<\/p><p aria-hidden=\"true\">\u00a0<\/p><p>Vi jobber kontinuerlig for \u00e5 ivareta og utvikle v\u00e5re milj\u00f8- og kvalitetssystemer \u2013 ikke bare for \u00e5 m\u00f8te krav fra myndigheter og kunder, men fordi vi bryr oss om hverandre, om samfunnet og om fremtiden.<\/p><p aria-hidden=\"true\">\u00a0<\/p><p>V\u00e5re kjerneverdier er fundamentet i alt vi gj\u00f8r:<\/p><p><br \/>\ud83d\udd39\u00a0<b>Safety minded<\/b>\u00a0\u2013 Vi setter sikkerhet f\u00f8rst, for v\u00e5re ansatte, v\u00e5re kunder og milj\u00f8et<br \/>\ud83d\udd39\u00a0<b>Dynamic<\/b>\u00a0\u2013 Vi tar initiativ, finner l\u00f8sninger og f\u00e5r ting gjort<br \/>\ud83d\udd39\u00a0<b>Team player<\/b>\u00a0\u2013 Vi samarbeider tett, st\u00f8tter hverandre og bygger sterke team<\/p><p aria-hidden=\"true\">\u00a0<\/p><p>Som ansatt hos oss f\u00e5r du muligheten til \u00e5 vokse faglig, bidra til viktige prosjekter og v\u00e6re en del av et team som spiller hverandre gode. Vi verdsetter samarbeid, ansvarlighet og kontinuerlig forbedring \u2013 og vi ser alltid etter nye kollegaer som vil v\u00e6re med p\u00e5 reisen.<\/p>\t\t\t\t\t\t\t\t<\/div>\n\t\t\t\t<\/div>\n\t\t\t\t<\/div>\n\t\t\t\t\t<\/div>\n\t\t\t\t<\/div>\n\t\t<div class=\"elementor-element elementor-element-0457343 e-flex e-con-boxed e-con e-parent\" data-id=\"0457343\" data-element_type=\"container\" data-e-type=\"container\" data-settings=\"{&quot;_ha_eqh_enable&quot;:false}\">\n\t\t\t\t\t<div class=\"e-con-inner\">\n\t\t<div class=\"elementor-element elementor-element-39d4714 e-con-full e-flex e-con e-child\" data-id=\"39d4714\" data-element_type=\"container\" data-e-type=\"container\" data-settings=\"{&quot;background_background&quot;:&quot;classic&quot;,&quot;_ha_eqh_enable&quot;:false}\">\n\t\t<div class=\"elementor-element elementor-element-9c4ec39 e-con-full e-flex e-con e-child\" data-id=\"9c4ec39\" data-element_type=\"container\" data-e-type=\"container\" data-settings=\"{&quot;_ha_eqh_enable&quot;:false}\">\n\t\t\t\t<div class=\"elementor-element elementor-element-9ff4705 elementor-widget elementor-widget-heading\" data-id=\"9ff4705\" data-element_type=\"widget\" data-e-type=\"widget\" data-widget_type=\"heading.default\">\n\t\t\t\t<div class=\"elementor-widget-container\">\n\t\t\t\t\t<h2 class=\"elementor-heading-title elementor-size-default\">Opportunities for our employees\u00a0<\/h2>\t\t\t\t<\/div>\n\t\t\t\t<\/div>\n\t\t\t\t<div class=\"elementor-element elementor-element-9aca731 elementor-widget elementor-widget-text-editor\" data-id=\"9aca731\" data-element_type=\"widget\" data-e-type=\"widget\" data-widget_type=\"text-editor.default\">\n\t\t\t\t<div class=\"elementor-widget-container\">\n\t\t\t\t\t\t\t\t\t<p>In addition to operating personnel with specific education (certificate) that qualify for the jobs that driftsledere, driftsoperat\u00f8rer, recruited by the wide field of other relevant disciplines with a high degree of specialization, as an engineer, electrician, mechanic, finance, logistics, communication, marketing, and management.\u00a0<\/p><p>We offer a good working environment, exciting and varied weekdays with many opportunities for career choices. Opportunities to combine work and (further)education by means of flexibility and support from the company.\u00a0\u00a0<\/p><p>Several have been able to benefit a certificate prepared by us as a stepping stone for further education and careers at colleges and universities.\u00a0<\/p>\t\t\t\t\t\t\t\t<\/div>\n\t\t\t\t<\/div>\n\t\t\t\t<\/div>\n\t\t\t\t<\/div>\n\t\t\t\t\t<\/div>\n\t\t\t\t<\/div>\n\t\t<div class=\"elementor-element elementor-element-2cd784a e-flex e-con-boxed e-con e-parent\" data-id=\"2cd784a\" data-element_type=\"container\" data-e-type=\"container\" data-settings=\"{&quot;background_background&quot;:&quot;classic&quot;,&quot;_ha_eqh_enable&quot;:false}\">\n\t\t\t\t\t<div class=\"e-con-inner\">\n\t\t\t\t\t<\/div>\n\t\t\t\t<\/div>\n\t\t<div class=\"elementor-element elementor-element-db0b0b6 e-flex e-con-boxed e-con e-parent\" data-id=\"db0b0b6\" data-element_type=\"container\" data-e-type=\"container\" data-settings=\"{&quot;_ha_eqh_enable&quot;:false}\">\n\t\t\t\t\t<div class=\"e-con-inner\">\n\t\t<div class=\"elementor-element elementor-element-e38d7a7 e-con-full e-flex e-con e-child\" data-id=\"e38d7a7\" data-element_type=\"container\" data-e-type=\"container\" data-settings=\"{&quot;background_background&quot;:&quot;classic&quot;,&quot;_ha_eqh_enable&quot;:false}\">\n\t\t<div class=\"elementor-element elementor-element-023443e e-con-full e-flex e-con e-child\" data-id=\"023443e\" data-element_type=\"container\" data-e-type=\"container\" data-settings=\"{&quot;background_background&quot;:&quot;classic&quot;,&quot;_ha_eqh_enable&quot;:false}\">\n\t\t<div class=\"elementor-element elementor-element-afc24ee e-con-full e-flex e-con e-child\" data-id=\"afc24ee\" data-element_type=\"container\" data-e-type=\"container\" data-settings=\"{&quot;_ha_eqh_enable&quot;:false}\">\n\t\t\t\t<div class=\"elementor-element elementor-element-4873ec9 elementor-widget elementor-widget-heading\" data-id=\"4873ec9\" data-element_type=\"widget\" data-e-type=\"widget\" data-widget_type=\"heading.default\">\n\t\t\t\t<div class=\"elementor-widget-container\">\n\t\t\t\t\t<h2 class=\"elementor-heading-title elementor-size-default\">Er du v\u00e5r neste kollega eller l\u00e6rling?<\/h2>\t\t\t\t<\/div>\n\t\t\t\t<\/div>\n\t\t\t\t<div class=\"elementor-element elementor-element-9fb5bef elementor-widget elementor-widget-text-editor\" data-id=\"9fb5bef\" data-element_type=\"widget\" data-e-type=\"widget\" data-widget_type=\"text-editor.default\">\n\t\t\t\t<div class=\"elementor-widget-container\">\n\t\t\t\t\t\t\t\t\t<p>Folkene v\u00e5re er v\u00e5r styrke \u2013 bli med!<\/p>\t\t\t\t\t\t\t\t<\/div>\n\t\t\t\t<\/div>\n\t\t<div class=\"elementor-element elementor-element-da14c81 e-con-full e-flex e-con e-child\" data-id=\"da14c81\" data-element_type=\"container\" data-e-type=\"container\" data-settings=\"{&quot;_ha_eqh_enable&quot;:false}\">\n\t\t\t\t<div class=\"elementor-element elementor-element-08ad109 elementor-icon-list--layout-traditional elementor-list-item-link-full_width elementor-widget elementor-widget-icon-list\" data-id=\"08ad109\" data-element_type=\"widget\" data-e-type=\"widget\" data-widget_type=\"icon-list.default\">\n\t\t\t\t<div class=\"elementor-widget-container\">\n\t\t\t\t\t\t\t<ul class=\"elementor-icon-list-items\">\n\t\t\t\t\t\t\t<li class=\"elementor-icon-list-item\">\n\t\t\t\t\t\t\t\t\t\t\t<a href=\"https:\/\/ccb.no\/eng\/vare-laerlinger\/\">\n\n\t\t\t\t\t\t\t\t\t\t\t\t<span class=\"elementor-icon-list-icon\">\n\t\t\t\t\t\t\t<i aria-hidden=\"true\" class=\"huge huge-link-square-02\"><\/i>\t\t\t\t\t\t<\/span>\n\t\t\t\t\t\t\t\t\t\t<span class=\"elementor-icon-list-text\">An apprentice in CCB <\/span>\n\t\t\t\t\t\t\t\t\t\t\t<\/a>\n\t\t\t\t\t\t\t\t\t<\/li>\n\t\t\t\t\t\t\t\t<li class=\"elementor-icon-list-item\">\n\t\t\t\t\t\t\t\t\t\t\t<a href=\"#\">\n\n\t\t\t\t\t\t\t\t\t\t\t\t<span class=\"elementor-icon-list-icon\">\n\t\t\t\t\t\t\t<i aria-hidden=\"true\" class=\"huge huge-link-square-02\"><\/i>\t\t\t\t\t\t<\/span>\n\t\t\t\t\t\t\t\t\t\t<span class=\"elementor-icon-list-text\"><font>Vacancies<\/font><font><\/font><\/span>\n\t\t\t\t\t\t\t\t\t\t\t<\/a>\n\t\t\t\t\t\t\t\t\t<\/li>\n\t\t\t\t\t\t<\/ul>\n\t\t\t\t\t\t<\/div>\n\t\t\t\t<\/div>\n\t\t\t\t<div class=\"elementor-element elementor-element-48a1113 ha-css-transform-yes elementor-view-default elementor-widget elementor-widget-icon\" data-id=\"48a1113\" data-element_type=\"widget\" data-e-type=\"widget\" data-settings=\"{&quot;ha_floating_fx&quot;:&quot;yes&quot;,&quot;ha_floating_fx_translate_toggle&quot;:&quot;yes&quot;,&quot;ha_floating_fx_translate_x&quot;:{&quot;unit&quot;:&quot;px&quot;,&quot;size&quot;:&quot;&quot;,&quot;sizes&quot;:{&quot;from&quot;:0,&quot;to&quot;:5}},&quot;ha_floating_fx_translate_y&quot;:{&quot;unit&quot;:&quot;px&quot;,&quot;size&quot;:&quot;&quot;,&quot;sizes&quot;:{&quot;from&quot;:0,&quot;to&quot;:5}},&quot;ha_floating_fx_translate_duration&quot;:{&quot;unit&quot;:&quot;px&quot;,&quot;size&quot;:1000,&quot;sizes&quot;:[]},&quot;ha_floating_fx_translate_delay&quot;:{&quot;unit&quot;:&quot;px&quot;,&quot;size&quot;:&quot;&quot;,&quot;sizes&quot;:[]}}\" data-widget_type=\"icon.default\">\n\t\t\t\t<div class=\"elementor-widget-container\">\n\t\t\t\t\t\t\t<div class=\"elementor-icon-wrapper\">\n\t\t\t<div class=\"elementor-icon\">\n\t\t\t<i aria-hidden=\"true\" class=\"huge huge-arrow-move-down-right-round\"><\/i>\t\t\t<\/div>\n\t\t<\/div>\n\t\t\t\t\t\t<\/div>\n\t\t\t\t<\/div>\n\t\t\t\t<\/div>\n\t\t\t\t<\/div>\n\t\t<div class=\"elementor-element elementor-element-7f79256 e-con-full e-flex e-con e-child\" data-id=\"7f79256\" data-element_type=\"container\" data-e-type=\"container\" data-settings=\"{&quot;_ha_eqh_enable&quot;:false}\">\n\t\t\t\t<div class=\"elementor-element elementor-element-ec4254e elementor-widget__width-initial ha-css-transform-yes elementor-widget elementor-widget-video\" data-id=\"ec4254e\" data-element_type=\"widget\" data-e-type=\"widget\" data-settings=\"{&quot;video_type&quot;:&quot;hosted&quot;,&quot;autoplay&quot;:&quot;yes&quot;,&quot;play_on_mobile&quot;:&quot;yes&quot;,&quot;mute&quot;:&quot;yes&quot;,&quot;loop&quot;:&quot;yes&quot;}\" data-widget_type=\"video.default\">\n\t\t\t\t<div class=\"elementor-widget-container\">\n\t\t\t\t\t\t\t<div class=\"e-hosted-video elementor-wrapper elementor-open-inline\">\n\t\t\t\t\t<video class=\"elementor-video\" src=\"https:\/\/ccb.no\/wp-content\/uploads\/2025\/06\/Marte-Laerling.mp4\" autoplay=\"\" loop=\"\" muted=\"muted\" playsinline=\"\" controlslist=\"nodownload\"><\/video>\n\t\t\t\t<\/div>\n\t\t\t\t\t\t<\/div>\n\t\t\t\t<\/div>\n\t\t\t\t<\/div>\n\t\t\t\t<\/div>\n\t\t<div class=\"elementor-element elementor-element-7130ff2 e-con-full e-flex e-con e-child\" data-id=\"7130ff2\" data-element_type=\"container\" data-e-type=\"container\" data-settings=\"{&quot;_ha_eqh_enable&quot;:false}\">\n\t\t\t\t<\/div>\n\t\t\t\t<\/div>\n\t\t\t\t\t<\/div>\n\t\t\t\t<\/div>\n\t\t\t\t<\/div>","protected":false},"excerpt":{"rendered":"<p>Jobb hos\u00a0oss Jobb hos Coast Center Base \u2013 Et trygt og utviklende arbeidsmilj\u00f8 Hos CCB tror vi at et godt arbeidsmilj\u00f8 starter med menneskene. Vi er stolte av \u00e5 ha engasjerte og kompetente medarbeidere som deler v\u00e5re verdier og bidrar til et inkluderende og sikkert arbeidsfellesskap. \u00a0 Vi jobber kontinuerlig for \u00e5 ivareta og utvikle [&hellip;]<\/p>\n","protected":false},"author":1,"featured_media":0,"parent":3565,"menu_order":0,"comment_status":"closed","ping_status":"closed","template":"","meta":{"_acf_changed":false,"inline_featured_image":false,"footnotes":""},"class_list":["post-3079","page","type-page","status-publish","hentry"],"acf":[],"_links":{"self":[{"href":"https:\/\/ccb.no\/eng\/wp-json\/wp\/v2\/pages\/3079","targetHints":{"allow":["GET"]}}],"collection":[{"href":"https:\/\/ccb.no\/eng\/wp-json\/wp\/v2\/pages"}],"about":[{"href":"https:\/\/ccb.no\/eng\/wp-json\/wp\/v2\/types\/page"}],"author":[{"embeddable":true,"href":"https:\/\/ccb.no\/eng\/wp-json\/wp\/v2\/users\/1"}],"replies":[{"embeddable":true,"href":"https:\/\/ccb.no\/eng\/wp-json\/wp\/v2\/comments?post=3079"}],"version-history":[{"count":27,"href":"https:\/\/ccb.no\/eng\/wp-json\/wp\/v2\/pages\/3079\/revisions"}],"predecessor-version":[{"id":6051,"href":"https:\/\/ccb.no\/eng\/wp-json\/wp\/v2\/pages\/3079\/revisions\/6051"}],"up":[{"embeddable":true,"href":"https:\/\/ccb.no\/eng\/wp-json\/wp\/v2\/pages\/3565"}],"wp:attachment":[{"href":"https:\/\/ccb.no\/eng\/wp-json\/wp\/v2\/media?parent=3079"}],"curies":[{"name":"wp","href":"https:\/\/api.w.org\/{rel}","templated":true}]}}